{"id":128988,"date":"2019-01-27T23:00:21","date_gmt":"2019-01-27T22:00:21","guid":{"rendered":"https:\/\/liked.hu\/old\/?page_id=128988"},"modified":"2023-05-11T18:26:15","modified_gmt":"2023-05-11T16:26:15","slug":"copyright","status":"publish","type":"page","link":"https:\/\/liked.hu\/old\/copyright\/","title":{"rendered":"Szerz\u0151i jogi nyilatkozat (Copyright)"},"content":{"rendered":"<p>A <strong>Liked.hu<\/strong>&nbsp;tartalm\u00e1nak m\u00e1sodk\u00f6zl\u00e9se, adatb\u00e1zisban t\u00f6rt\u00e9n\u0151 t\u00e1rol\u00e1sa kiz\u00e1r\u00f3lag az \u00dczemeltet\u0151 (<a href=\"https:\/\/liked.hu\/old\/aszf\/\">l\u00e1sd<\/a>) el\u0151zetes, \u00edr\u00e1sbeli enged\u00e9ly\u00e9vel t\u00f6rt\u00e9nhet (info@liked.hu). A honlap tartalmi \u00e9s formai alkot\u00f3r\u00e9szei a k\u00f6zl\u00e9si enged\u00e9ly beszerz\u00e9se eset\u00e9n sem haszn\u00e1lhat\u00f3ak fel megv\u00e1ltoztatott form\u00e1ban.<\/p>\n<p>Port\u00e1lunk b\u00e1rmely r\u00e9sz\u00e9re hivatkoz\u00e1s helyezhet\u0151 el m\u00e1s online tartalomban el\u0151zetes k\u00e9r\u00e9s n\u00e9lk\u00fcl. A linkel\u00e9s megsz\u00fcntet\u00e9s\u00e9t azonban oldalunkhoz nem m\u00e9lt\u00f3 k\u00f6r\u00fclm\u00e9nyek eset\u00e9n b\u00e1rmikor k\u00e9rhetj\u00fck.<\/p>\n<p>Az oldal \u00dczemeltet\u0151je mindent megtesz az\u00e9rt, hogy a Liked.hu oldalon megjelen\u0151 inform\u00e1ci\u00f3k naprak\u00e9szek, pontosak \u00e9s teljesek legyenek, de felel\u0151ss\u00e9get nem v\u00e1llalunk az oldalainkon szerepl\u0151 inform\u00e1ci\u00f3k felhaszn\u00e1l\u00e1s\u00e1b\u00f3l ered\u0151 k\u00f6vetkezm\u00e9nyek\u00e9rt.<\/p>\n<p>A Liked.hu oldal tartalm\u00e1nak szerz\u0151i jog\u00e1val az oldal \u00dczemeltet\u0151je&nbsp;(<a href=\"https:\/\/liked.hu\/old\/aszf\/\">l\u00e1sd<\/a>) rendelkezik. Az ett\u0151l elt\u00e9r\u0151 jog\u00e1ll\u00e1s\u00fa tartalmakat minden esetben k\u00fcl\u00f6n jelezz\u00fck.<\/p>\n<p>Copyright \u00a9 2015-2019 Liked.hu<br \/>\nMinden jog fenntartva.<\/p>\n","protected":false},"excerpt":{"rendered":"<p>A Liked.hu&nbsp;tartalm\u00e1nak m\u00e1sodk\u00f6zl\u00e9se, adatb\u00e1zisban t\u00f6rt\u00e9n\u0151 t\u00e1rol\u00e1sa kiz\u00e1r\u00f3lag az \u00dczemeltet\u0151 (l\u00e1sd) el\u0151zetes, \u00edr\u00e1sbeli enged\u00e9ly\u00e9vel t\u00f6rt\u00e9nhet (info@liked.hu). A honlap tartalmi \u00e9s formai alkot\u00f3r\u00e9szei a k\u00f6zl\u00e9si enged\u00e9ly beszerz\u00e9se eset\u00e9n sem haszn\u00e1lhat\u00f3ak fel megv\u00e1ltoztatott form\u00e1ban. Port\u00e1lunk b\u00e1rmely r\u00e9sz\u00e9re hivatkoz\u00e1s helyezhet\u0151 el m\u00e1s online tartalomban el\u0151zetes k\u00e9r\u00e9s n\u00e9lk\u00fcl. A linkel\u00e9s megsz\u00fcntet\u00e9s\u00e9t azonban oldalunkhoz nem m\u00e9lt\u00f3 k\u00f6r\u00fclm\u00e9nyek eset\u00e9n b\u00e1rmikor k\u00e9rhetj\u00fck. Az [&hellip;]<\/p>\n","protected":false},"author":1,"featured_media":0,"parent":0,"menu_order":0,"comment_status":"closed","ping_status":"closed","template":"","meta":[],"yoast_head":"<!-- This site is optimized with the Yoast SEO plugin v19.6.1 - https:\/\/yoast.com\/wordpress\/plugins\/seo\/ -->\n<title>Szerz\u0151i jogi nyilatkozat (Copyright)<\/title>\n<meta name=\"robots\" content=\"noindex, follow\" \/>\n<meta property=\"og:locale\" content=\"hu_HU\" \/>\n<meta property=\"og:type\" content=\"article\" \/>\n<meta property=\"og:title\" content=\"Szerz\u0151i jogi nyilatkozat (Copyright)\" \/>\n<meta property=\"og:description\" content=\"A Liked.hu&nbsp;tartalm\u00e1nak m\u00e1sodk\u00f6zl\u00e9se, adatb\u00e1zisban t\u00f6rt\u00e9n\u0151 t\u00e1rol\u00e1sa kiz\u00e1r\u00f3lag az \u00dczemeltet\u0151 (l\u00e1sd) el\u0151zetes, \u00edr\u00e1sbeli enged\u00e9ly\u00e9vel t\u00f6rt\u00e9nhet (info@liked.hu). A honlap tartalmi \u00e9s formai alkot\u00f3r\u00e9szei a k\u00f6zl\u00e9si enged\u00e9ly beszerz\u00e9se eset\u00e9n sem haszn\u00e1lhat\u00f3ak fel megv\u00e1ltoztatott form\u00e1ban. Port\u00e1lunk b\u00e1rmely r\u00e9sz\u00e9re hivatkoz\u00e1s helyezhet\u0151 el m\u00e1s online tartalomban el\u0151zetes k\u00e9r\u00e9s n\u00e9lk\u00fcl. A linkel\u00e9s megsz\u00fcntet\u00e9s\u00e9t azonban oldalunkhoz nem m\u00e9lt\u00f3 k\u00f6r\u00fclm\u00e9nyek eset\u00e9n b\u00e1rmikor k\u00e9rhetj\u00fck. Az [&hellip;]\" \/>\n<meta property=\"og:url\" content=\"https:\/\/liked.hu\/old\/copyright\/\" \/>\n<meta property=\"og:site_name\" content=\"Liked.hu\" \/>\n<meta property=\"article:publisher\" content=\"https:\/\/www.facebook.com\/liked.hu\" \/>\n<meta property=\"article:modified_time\" content=\"2023-05-11T16:26:15+00:00\" \/>\n<meta property=\"og:image\" content=\"https:\/\/liked.hu\/old\/wp-content\/uploads\/2018\/08\/Liked-Facebook-Share.jpg\" \/>\n\t<meta property=\"og:image:width\" content=\"1200\" \/>\n\t<meta property=\"og:image:height\" content=\"630\" \/>\n\t<meta property=\"og:image:type\" content=\"image\/jpeg\" \/>\n<meta name=\"twitter:card\" content=\"summary\" \/>\n<meta name=\"twitter:site\" content=\"@LikedHu\" \/>\n<meta name=\"twitter:label1\" content=\"Becs\u00fclt olvas\u00e1si id\u0151\" \/>\n\t<meta name=\"twitter:data1\" content=\"1 perc\" \/>\n<script type=\"application\/ld+json\" class=\"yoast-schema-graph\">{\"@context\":\"https:\/\/schema.org\",\"@graph\":[{\"@type\":\"WebPage\",\"@id\":\"https:\/\/liked.hu\/old\/copyright\/\",\"url\":\"https:\/\/liked.hu\/old\/copyright\/\",\"name\":\"Szerz\u0151i jogi nyilatkozat (Copyright)\",\"isPartOf\":{\"@id\":\"https:\/\/liked.hu\/old\/#website\"},\"datePublished\":\"2019-01-27T22:00:21+00:00\",\"dateModified\":\"2023-05-11T16:26:15+00:00\",\"breadcrumb\":{\"@id\":\"https:\/\/liked.hu\/old\/copyright\/#breadcrumb\"},\"inLanguage\":\"hu\",\"potentialAction\":[{\"@type\":\"ReadAction\",\"target\":[\"https:\/\/liked.hu\/old\/copyright\/\"]}]},{\"@type\":\"BreadcrumbList\",\"@id\":\"https:\/\/liked.hu\/old\/copyright\/#breadcrumb\",\"itemListElement\":[{\"@type\":\"ListItem\",\"position\":1,\"name\":\"Kezd\u0151lap\",\"item\":\"https:\/\/liked.hu\/old\/\"},{\"@type\":\"ListItem\",\"position\":2,\"name\":\"Szerz\u0151i jogi nyilatkozat (Copyright)\"}]},{\"@type\":\"WebSite\",\"@id\":\"https:\/\/liked.hu\/old\/#website\",\"url\":\"https:\/\/liked.hu\/old\/\",\"name\":\"Liked.hu\",\"description\":\"\",\"publisher\":{\"@id\":\"https:\/\/liked.hu\/old\/#organization\"},\"potentialAction\":[{\"@type\":\"SearchAction\",\"target\":{\"@type\":\"EntryPoint\",\"urlTemplate\":\"https:\/\/liked.hu\/old\/?s={search_term_string}\"},\"query-input\":\"required name=search_term_string\"}],\"inLanguage\":\"hu\"},{\"@type\":\"Organization\",\"@id\":\"https:\/\/liked.hu\/old\/#organization\",\"name\":\"Liked.hu\",\"url\":\"https:\/\/liked.hu\/old\/\",\"sameAs\":[\"https:\/\/hu.pinterest.com\/likedhungary\/\",\"https:\/\/www.youtube.com\/channel\/UCPv91dbMoIukYcM9b9nHN6Q\",\"https:\/\/www.facebook.com\/liked.hu\",\"https:\/\/twitter.com\/LikedHu\"],\"logo\":{\"@type\":\"ImageObject\",\"inLanguage\":\"hu\",\"@id\":\"https:\/\/liked.hu\/old\/#\/schema\/logo\/image\/\",\"url\":\"https:\/\/liked.hu\/wp-content\/uploads\/2018\/08\/Liked-icon.png\",\"contentUrl\":\"https:\/\/liked.hu\/wp-content\/uploads\/2018\/08\/Liked-icon.png\",\"width\":512,\"height\":512,\"caption\":\"Liked.hu\"},\"image\":{\"@id\":\"https:\/\/liked.hu\/old\/#\/schema\/logo\/image\/\"}}]}<\/script>\n<!-- \/ Yoast SEO plugin. -->","yoast_head_json":{"title":"Szerz\u0151i jogi nyilatkozat (Copyright)","robots":{"index":"noindex","follow":"follow"},"og_locale":"hu_HU","og_type":"article","og_title":"Szerz\u0151i jogi nyilatkozat (Copyright)","og_description":"A Liked.hu&nbsp;tartalm\u00e1nak m\u00e1sodk\u00f6zl\u00e9se, adatb\u00e1zisban t\u00f6rt\u00e9n\u0151 t\u00e1rol\u00e1sa kiz\u00e1r\u00f3lag az \u00dczemeltet\u0151 (l\u00e1sd) el\u0151zetes, \u00edr\u00e1sbeli enged\u00e9ly\u00e9vel t\u00f6rt\u00e9nhet (info@liked.hu). A honlap tartalmi \u00e9s formai alkot\u00f3r\u00e9szei a k\u00f6zl\u00e9si enged\u00e9ly beszerz\u00e9se eset\u00e9n sem haszn\u00e1lhat\u00f3ak fel megv\u00e1ltoztatott form\u00e1ban. Port\u00e1lunk b\u00e1rmely r\u00e9sz\u00e9re hivatkoz\u00e1s helyezhet\u0151 el m\u00e1s online tartalomban el\u0151zetes k\u00e9r\u00e9s n\u00e9lk\u00fcl. A linkel\u00e9s megsz\u00fcntet\u00e9s\u00e9t azonban oldalunkhoz nem m\u00e9lt\u00f3 k\u00f6r\u00fclm\u00e9nyek eset\u00e9n b\u00e1rmikor k\u00e9rhetj\u00fck. Az [&hellip;]","og_url":"https:\/\/liked.hu\/old\/copyright\/","og_site_name":"Liked.hu","article_publisher":"https:\/\/www.facebook.com\/liked.hu","article_modified_time":"2023-05-11T16:26:15+00:00","og_image":[{"width":1200,"height":630,"url":"https:\/\/liked.hu\/old\/wp-content\/uploads\/2018\/08\/Liked-Facebook-Share.jpg","type":"image\/jpeg"}],"twitter_card":"summary","twitter_site":"@LikedHu","twitter_misc":{"Becs\u00fclt olvas\u00e1si id\u0151":"1 perc"},"schema":{"@context":"https:\/\/schema.org","@graph":[{"@type":"WebPage","@id":"https:\/\/liked.hu\/old\/copyright\/","url":"https:\/\/liked.hu\/old\/copyright\/","name":"Szerz\u0151i jogi nyilatkozat (Copyright)","isPartOf":{"@id":"https:\/\/liked.hu\/old\/#website"},"datePublished":"2019-01-27T22:00:21+00:00","dateModified":"2023-05-11T16:26:15+00:00","breadcrumb":{"@id":"https:\/\/liked.hu\/old\/copyright\/#breadcrumb"},"inLanguage":"hu","potentialAction":[{"@type":"ReadAction","target":["https:\/\/liked.hu\/old\/copyright\/"]}]},{"@type":"BreadcrumbList","@id":"https:\/\/liked.hu\/old\/copyright\/#breadcrumb","itemListElement":[{"@type":"ListItem","position":1,"name":"Kezd\u0151lap","item":"https:\/\/liked.hu\/old\/"},{"@type":"ListItem","position":2,"name":"Szerz\u0151i jogi nyilatkozat (Copyright)"}]},{"@type":"WebSite","@id":"https:\/\/liked.hu\/old\/#website","url":"https:\/\/liked.hu\/old\/","name":"Liked.hu","description":"","publisher":{"@id":"https:\/\/liked.hu\/old\/#organization"},"potentialAction":[{"@type":"SearchAction","target":{"@type":"EntryPoint","urlTemplate":"https:\/\/liked.hu\/old\/?s={search_term_string}"},"query-input":"required name=search_term_string"}],"inLanguage":"hu"},{"@type":"Organization","@id":"https:\/\/liked.hu\/old\/#organization","name":"Liked.hu","url":"https:\/\/liked.hu\/old\/","sameAs":["https:\/\/hu.pinterest.com\/likedhungary\/","https:\/\/www.youtube.com\/channel\/UCPv91dbMoIukYcM9b9nHN6Q","https:\/\/www.facebook.com\/liked.hu","https:\/\/twitter.com\/LikedHu"],"logo":{"@type":"ImageObject","inLanguage":"hu","@id":"https:\/\/liked.hu\/old\/#\/schema\/logo\/image\/","url":"https:\/\/liked.hu\/wp-content\/uploads\/2018\/08\/Liked-icon.png","contentUrl":"https:\/\/liked.hu\/wp-content\/uploads\/2018\/08\/Liked-icon.png","width":512,"height":512,"caption":"Liked.hu"},"image":{"@id":"https:\/\/liked.hu\/old\/#\/schema\/logo\/image\/"}}]}},"publishpress_future_action":{"enabled":false,"date":"1970-01-01 01:00:00","action":"","terms":[],"taxonomy":"","browser_timezone_offset":0},"_links":{"self":[{"href":"https:\/\/liked.hu\/old\/wp-json\/wp\/v2\/pages\/128988"}],"collection":[{"href":"https:\/\/liked.hu\/old\/wp-json\/wp\/v2\/pages"}],"about":[{"href":"https:\/\/liked.hu\/old\/wp-json\/wp\/v2\/types\/page"}],"author":[{"embeddable":true,"href":"https:\/\/liked.hu\/old\/wp-json\/wp\/v2\/users\/1"}],"replies":[{"embeddable":true,"href":"https:\/\/liked.hu\/old\/wp-json\/wp\/v2\/comments?post=128988"}],"version-history":[{"count":0,"href":"https:\/\/liked.hu\/old\/wp-json\/wp\/v2\/pages\/128988\/revisions"}],"wp:attachment":[{"href":"https:\/\/liked.hu\/old\/wp-json\/wp\/v2\/media?parent=128988"}],"curies":[{"name":"wp","href":"https:\/\/api.w.org\/{rel}","templated":true}]}}